{"id":10,"date":"2025-04-11T15:28:20","date_gmt":"2025-04-11T13:28:20","guid":{"rendered":"https:\/\/devadv0.corca.cz\/?page_id=10"},"modified":"2025-04-11T15:30:42","modified_gmt":"2025-04-11T13:30:42","slug":"osobni-pristup-ucta-a-vstricnost-v-jednani","status":"publish","type":"page","link":"https:\/\/devadv0.corca.cz\/?page_id=10","title":{"rendered":""},"content":{"rendered":"<ul class=\"wp-block-list\"><\/ul><blockquote class=\"wp-block-quote is-layout-flow wp-block-quote-is-layout-flow\"><p class=\"has-accent-color has-text-color has-link-color has-medium-font-size wp-elements-618bd9efbf8442ad64af6a02b9622b2d\">\u201eOsobn\u00ed p\u0159\u00edstup, \u00facta a vst\u0159\u00edcnost v jedn\u00e1n\u00ed.\u201c<\/p>\n\n<div class=\"wp-block-cover\"><span aria-hidden=\"true\" class=\"wp-block-cover__background has-background-dim\" style=\"background-color:#547a32\"><\/span><img loading=\"lazy\" decoding=\"async\" width=\"523\" height=\"284\" class=\"wp-block-cover__image-background wp-image-16\" alt=\"\" src=\"https:\/\/devadv0.corca.cz\/wp-content\/uploads\/2025\/04\/Snimek-obrazovky-2025-03-19-165516.png\" data-object-fit=\"cover\" srcset=\"https:\/\/devadv0.corca.cz\/wp-content\/uploads\/2025\/04\/Snimek-obrazovky-2025-03-19-165516.png 523w, https:\/\/devadv0.corca.cz\/wp-content\/uploads\/2025\/04\/Snimek-obrazovky-2025-03-19-165516-300x163.png 300w\" sizes=\"auto, (max-width: 523px) 100vw, 523px\" \/><div class=\"wp-block-cover__inner-container is-layout-constrained wp-block-cover-is-layout-constrained\"><p class=\"has-text-align-center has-large-font-size\"><\/p><\/div><\/div><\/blockquote><p><\/p>","protected":false},"excerpt":{"rendered":"","protected":false},"author":1,"featured_media":0,"parent":0,"menu_order":0,"comment_status":"closed","ping_status":"closed","template":"","meta":{"footnotes":""},"class_list":["post-10","page","type-page","status-publish","hentry"],"_links":{"self":[{"href":"https:\/\/devadv0.corca.cz\/index.php?rest_route=\/wp\/v2\/pages\/10","targetHints":{"allow":["GET"]}}],"collection":[{"href":"https:\/\/devadv0.corca.cz\/index.php?rest_route=\/wp\/v2\/pages"}],"about":[{"href":"https:\/\/devadv0.corca.cz\/index.php?rest_route=\/wp\/v2\/types\/page"}],"author":[{"embeddable":true,"href":"https:\/\/devadv0.corca.cz\/index.php?rest_route=\/wp\/v2\/users\/1"}],"replies":[{"embeddable":true,"href":"https:\/\/devadv0.corca.cz\/index.php?rest_route=%2Fwp%2Fv2%2Fcomments&post=10"}],"version-history":[{"count":4,"href":"https:\/\/devadv0.corca.cz\/index.php?rest_route=\/wp\/v2\/pages\/10\/revisions"}],"predecessor-version":[{"id":17,"href":"https:\/\/devadv0.corca.cz\/index.php?rest_route=\/wp\/v2\/pages\/10\/revisions\/17"}],"wp:attachment":[{"href":"https:\/\/devadv0.corca.cz\/index.php?rest_route=%2Fwp%2Fv2%2Fmedia&parent=10"}],"curies":[{"name":"wp","href":"https:\/\/api.w.org\/{rel}","templated":true}]}}